{"id":515,"date":"2017-02-06T06:48:29","date_gmt":"2017-02-06T06:48:29","guid":{"rendered":"http:\/\/localhost\/finance\/?page_id=515"},"modified":"2026-04-14T09:32:40","modified_gmt":"2026-04-14T14:32:40","slug":"olp","status":"publish","type":"page","link":"https:\/\/omarlengerke.com.co\/sitio\/olp\/","title":{"rendered":"Omar Lengerke P\u00e9rez"},"content":{"rendered":"<p>[vc_row el_id=&#8221;perfil&#8221;][vc_column]<div class=\"title-section  style1\">\n\t\t<h1 class=\"title\">\n\t\t\tOmar Lengerke P\u00e9rez\t\t\t\n\t\t<\/h1>\t\t\n\t\t\n\n\t<\/div>[\/vc_column][\/vc_row][vc_row][vc_column width=&#8221;1\/2&#8243;][vc_single_image image=&#8221;1883&#8243; img_size=&#8221;full&#8221; style=&#8221;vc_box_rounded&#8221;][vc_empty_space][vc_row_inner][vc_column_inner width=&#8221;1\/4&#8243;][vc_single_image image=&#8221;1943&#8243; img_size=&#8221;120&#215;120&#8243; alignment=&#8221;center&#8221; onclick=&#8221;custom_link&#8221; img_link_target=&#8221;_blank&#8221; link=&#8221;https:\/\/twitter.com\/olengerke&#8221;][\/vc_column_inner][vc_column_inner width=&#8221;1\/4&#8243;][vc_single_image image=&#8221;1945&#8243; img_size=&#8221;120&#215;120&#8243; alignment=&#8221;center&#8221; onclick=&#8221;custom_link&#8221; img_link_target=&#8221;_blank&#8221; link=&#8221;https:\/\/www.linkedin.com\/in\/omar-lengerke-90175451\/&#8221;][\/vc_column_inner][vc_column_inner width=&#8221;1\/4&#8243;][vc_single_image image=&#8221;1946&#8243; img_size=&#8221;120&#215;120&#8243; alignment=&#8221;center&#8221; onclick=&#8221;custom_link&#8221; img_link_target=&#8221;_blank&#8221; link=&#8221;https:\/\/www.facebook.com\/olengerke&#8221;][\/vc_column_inner][vc_column_inner width=&#8221;1\/4&#8243;][vc_single_image image=&#8221;1944&#8243; img_size=&#8221;120&#215;120&#8243; alignment=&#8221;center&#8221; onclick=&#8221;custom_link&#8221; img_link_target=&#8221;_blank&#8221; link=&#8221;https:\/\/www.instagram.com\/olengerke\/&#8221;][\/vc_column_inner][\/vc_row_inner][\/vc_column][vc_column width=&#8221;1\/2&#8243;][vc_column_text]<\/p>\n<p style=\"text-align: justify;\"><strong>Omar Lengerke P\u00e9rez<\/strong>, es natural de Socorro, Santander (Colombia). Ingeniero de Sistemas, Magister en ciencias en control y Automatizaci\u00f3n de Sistemas de Manufactura, Doctor en ciencias en Ingenier\u00eda Mec\u00e1nica y con estudios de Posdoctorado en el \u00e1rea de Dise\u00f1o de M\u00e1quinas Mecatr\u00f3nicas y Rob\u00f3tica, Profesor, investigador, con amplia experiencia en el desempe\u00f1o administrativo, conocedor del \u00e1rea educativa y en el gerenciamiento de recursos adquirida mediante el desempe\u00f1o de cargos de direcci\u00f3n y de manejo de recursos p\u00fablicos.<\/p>\n<p style=\"text-align: justify;\">Se destaca la realizaci\u00f3n de m\u00e1s de 100 publicaciones en revistas cient\u00edficas, editor de la Revista Colombiana de Computaci\u00f3n (RCC) y editor de tres libros cient\u00edficos, adem\u00e1s de la participaci\u00f3n en m\u00e1s de 100 eventos cient\u00edficos, 15 cap\u00edtulos de libros, desarrollo de software, fabricaci\u00f3n de prototipos de m\u00e1quinas mecatr\u00f3nicas y Rob\u00f3tica. Trabajos que reflejan el compromiso con la academia y en especial con el desarrollo tecnol\u00f3gico y la investigaci\u00f3n.<\/p>\n<p style=\"text-align: justify;\">Docente e investigador, en diversas instituciones de educaci\u00f3n superior como la UNAB, UTS y UFRJ, hasta antes de su elecci\u00f3n como Rector de las UTS en 2015, cre\u00f3 y ejerci\u00f3 como secretario de las Tecnolog\u00edas de la Informaci\u00f3n y las Comunicaciones (TIC) de Santander, destacando que al frente de ese despacho se logr\u00f3 la conectividad a Internet por medio de fibra \u00f3ptica en los 87 municipios del Departamento.<\/p>\n<p>[\/vc_column_text][\/vc_column][\/vc_row][vc_row el_id=&#8221;trayectoria&#8221;][vc_column][vc_empty_space height=&#8221;55px&#8221;]<div class=\"title-section  style1\">\n\t\t<h1 class=\"title\">\n\t\t\tTrayectoria\t\t\t\n\t\t<\/h1>\t\t\n\t\t\n\n\t<\/div>[\/vc_column][\/vc_row][vc_row][vc_column width=&#8221;1\/2&#8243;][vc_column_text]<\/p>\n<p style=\"text-align: justify;\">Actualmente, es rector de las Unidades Tecnol\u00f3gicas de Santander (UTS), cargo que desempe\u00f1a desde marzo del 2015. Desde all\u00ed ha liderado el reconocimiento de la instituci\u00f3n tecnol\u00f3gica del Departamento de Santander, que hoy tiene m\u00e1s de 26.500 estudiantes y donde cerca del 98% son de estratos socioecon\u00f3micos 1, 2 y 3. Ha sido ponente ante el congreso de la rep\u00fablica, hacia el reconocimiento de las Instituciones T\u00e9cnicas, Tecnol\u00f3gicas y Universitarias (ITTU) y actualmente, es el Representante de las Instituciones T\u00e9cnicas, Tecnol\u00f3gicas y Universitarias Privadas y P\u00fablicas ante el Consejo Nacional de Educaci\u00f3n Superior (CESU).<\/p>\n<p style=\"text-align: justify;\">Se desempe\u00f1\u00f3 como Secretario de las Tecnolog\u00edas de la Informaci\u00f3n y las Comunicaciones (TIC) en la Administraci\u00f3n Departamental\u200b, siendo el primer funcionario en el pa\u00eds nombrado para este cargo, donde se destac\u00f3, entre otros logros, por haber conectado los 87 municipios santandereanos a trav\u00e9s de la fibra \u00f3ptica\u200b y haber sido encargado en varias oportunidades como Gobernador del Departamento de Santander. Ha sido profesor e investigador en diferentes \u00e1reas de la Ingenier\u00eda y la Tecnolog\u00eda: Ingenier\u00eda Mecatr\u00f3nica, Electr\u00f3nica y Sistemas Computacionales. Sus l\u00edneas de investigaci\u00f3n est\u00e1n direccionadas a Proyectos Mecatr\u00f3nicos, Sistemas Flexibles de Manufactura; Rob\u00f3tica; Control y Automatizaci\u00f3n Industrial y Redes de comunicaci\u00f3n Industriales; Dise\u00f1o y Desarrollo de Equipo Biom\u00e9dico; Telemedicina; Sistemas Offshore y Dise\u00f1o de M\u00e1quinas.<\/p>\n<p style=\"text-align: justify;\">Investigador Senior en Minciencias, ha sido jurado de comit\u00e9s de evaluaci\u00f3n acad\u00e9mica, se ha desempe\u00f1ado como par evaluador y ha participado en eventos cient\u00edficos como conferencista invitado, ponente u organizador. Cuenta con una amplia publicaci\u00f3n de art\u00edculos especializados, cap\u00edtulos de libro y ha participado en la edici\u00f3n de libros cient\u00edficos.<\/p>\n<p>[\/vc_column_text][\/vc_column][vc_column width=&#8221;1\/2&#8243;][vc_single_image image=&#8221;2069&#8243; img_size=&#8221;full&#8221; alignment=&#8221;center&#8221; style=&#8221;vc_box_rounded&#8221;][vc_column_text]<\/p>\n<p style=\"text-align: center;\"><span style=\"font-size: 10pt; color: #808080;\">Investigador Senior <em>MinCiencias<\/em><\/span><\/p>\n<p>[\/vc_column_text][vc_empty_space height=&#8221;39px&#8221;][vc_single_image image=&#8221;1852&#8243; img_size=&#8221;full&#8221; alignment=&#8221;center&#8221; style=&#8221;vc_box_rounded&#8221;][vc_column_text]<\/p>\n<p style=\"text-align: center;\"><span style=\"font-size: 10pt; color: #808080;\">Rector de la mejor instituci\u00f3n tecnol\u00f3gica de Colombia<\/span><\/p>\n<p>[\/vc_column_text][\/vc_column][\/vc_row][vc_row el_id=&#8221;reconocimientos&#8221;][vc_column][vc_empty_space height=&#8221;55px&#8221;]<div class=\"title-section  style1\">\n\t\t<h1 class=\"title\">\n\t\t\tReconocimientos especiales\t\t\t\n\t\t<\/h1>\t\t\n\t\t\n\n\t<\/div>[\/vc_column][\/vc_row][vc_row][vc_column][vc_column_text]<\/p>\n<p style=\"text-align: justify;\"><img loading=\"lazy\" decoding=\"async\" class=\"alignnone size-full wp-image-1892\" src=\"https:\/\/omarlengerke.com.co\/sitio\/wp-content\/uploads\/2022\/09\/chulo.jpg\" alt=\"\" width=\"45\" height=\"50\" \/>Recibi\u00f3 la m\u00e1xima \u201ccondecoraci\u00f3n Luis Carlos Gal\u00e1n Sarmiento\u201d, por parte de la Asamblea del Departamento de Santander, Colombia. A\u00f1o 2015.<\/p>\n<p style=\"text-align: justify;\"><img loading=\"lazy\" decoding=\"async\" class=\"alignnone size-full wp-image-1892\" src=\"https:\/\/omarlengerke.com.co\/sitio\/wp-content\/uploads\/2022\/09\/chulo.jpg\" alt=\"\" width=\"45\" height=\"50\" \/>El Concejo Municipal de El Socorro, Santander, concedi\u00f3 al profesor Omar Lengerke P\u00e9rez, la m\u00e1xima condecoraci\u00f3n \u2018Orden Juan Manuel Ortiz\u2019, pr\u00f3cer y m\u00e1rtir comunero. Adem\u00e1s, lo destac\u00f3 como hijo ilustre de este municipio y su labor en favor de la educaci\u00f3n. A\u00f1o 2018<\/p>\n<p style=\"text-align: justify;\"><img loading=\"lazy\" decoding=\"async\" class=\"alignnone size-full wp-image-1892\" src=\"https:\/\/omarlengerke.com.co\/sitio\/wp-content\/uploads\/2022\/09\/chulo.jpg\" alt=\"\" width=\"45\" height=\"50\" \/>El Municipio de V\u00e9lez, Santander, condecor\u00f3 al profesor Omar Lengerke P\u00e9rez, con la \u2018Orden Ciudadan\u00eda de V\u00e9lez\u2019. A\u00f1o 2018<\/p>\n<p style=\"text-align: justify;\"><img loading=\"lazy\" decoding=\"async\" class=\"alignnone size-full wp-image-1892\" src=\"https:\/\/omarlengerke.com.co\/sitio\/wp-content\/uploads\/2022\/09\/chulo.jpg\" alt=\"\" width=\"45\" height=\"50\" \/>El Municipio y el Concejo de Piedecuesta, Santander, hicieron entrega al profesor Omar Lengerke P\u00e9rez, la condecoraci\u00f3n \u201cGeneral Jos\u00e9 Mar\u00eda Mantilla\u201d, en la m\u00e1xima categor\u00eda \u201cCiudadano Excelencia\u201d por el civismo y liderazgo en el desarrollo educativo. A\u00f1o 2020<\/p>\n<p style=\"text-align: justify;\"><img loading=\"lazy\" decoding=\"async\" class=\"alignnone size-full wp-image-1892\" src=\"https:\/\/omarlengerke.com.co\/sitio\/wp-content\/uploads\/2022\/09\/chulo.jpg\" alt=\"\" width=\"45\" height=\"50\" \/>El Concejo Municipal de V\u00e9lez, Santander, otorga al profesor Omar Lengerke P\u00e9rez la medalla al M\u00e9rito C\u00edvico, m\u00e1xima distinci\u00f3n que entrega esta corporaci\u00f3n a aquellas personas que enaltecen el nombre de este municipio. A\u00f1o 2021<\/p>\n<p style=\"text-align: justify;\"><img loading=\"lazy\" decoding=\"async\" class=\"alignnone size-full wp-image-1892\" src=\"https:\/\/omarlengerke.com.co\/sitio\/wp-content\/uploads\/2022\/09\/chulo.jpg\" alt=\"\" width=\"45\" height=\"50\" \/>El Concejo Municipal de Bucaramanga condecor\u00f3 con la Orden \u201cCiudad de Bucaramanga\u201d al M\u00e9rito Educativo y Cultural, el rector de las Unidades Tecnol\u00f3gicas de Santander, profesor Ph.D. Omar Lengerke P\u00e9rez. A\u00f1o 2022<\/p>\n<p style=\"text-align: justify;\"><img loading=\"lazy\" decoding=\"async\" class=\"alignnone size-full wp-image-1892\" src=\"https:\/\/omarlengerke.com.co\/sitio\/wp-content\/uploads\/2022\/09\/chulo.jpg\" alt=\"\" width=\"45\" height=\"50\" \/>El Concejo del Municipio de Gir\u00f3n, Santander, condecor\u00f3 al rector de las Unidades Tecnol\u00f3gicas de Santander, profesor Ph.D. Omar Lengerke P\u00e9rez, con la Orden \u201cFrancisco Mantilla de los R\u00edos\u201d, grado Gran Comendador. A\u00f1o 2022.<\/p>\n<p style=\"text-align: justify;\"><img loading=\"lazy\" decoding=\"async\" class=\"alignnone size-full wp-image-1892\" src=\"https:\/\/omarlengerke.com.co\/sitio\/wp-content\/uploads\/2022\/09\/chulo.jpg\" alt=\"\" width=\"45\" height=\"50\" \/>Omar Lengerke P\u00e9rez, rector de las Unidades Tecnol\u00f3gicas de Santander, UTS, recibi\u00f3 la orden \u201cVictoriano de Diego y Paredes de Piedecuesta\u201d, en el grado Gran Cruz, en el marco del acto de conmemoraci\u00f3n de los 247 a\u00f1os de Piedecuesta. Al directivo de las UTS se le reconoce su gran trabajo y desempe\u00f1o al frente de esta prestigiosa instituci\u00f3n de Bucaramanga. A\u00f1o 2023.<\/p>\n<p style=\"text-align: justify;\"><img loading=\"lazy\" decoding=\"async\" class=\"alignnone size-full wp-image-1892\" src=\"https:\/\/omarlengerke.com.co\/sitio\/wp-content\/uploads\/2022\/09\/chulo.jpg\" alt=\"\" width=\"45\" height=\"50\" \/>El doctor <span class=\"xt0psk2\">Omar Lengerke &#8211; Rector UTS<\/span> ha sido reconocido por el Colegio Nacional de Periodistas (CNP) de Colombia en honor a su servicio a la sociedad y al excelente trato hacia la prensa. Nos llena de orgullo saber que es \u00e9l quien lidera nuestra instituci\u00f3n, siendo un ejemplo de liderazgo y profesionalismo. A\u00f1o 2024.<\/p>\n<p style=\"text-align: justify;\"><img loading=\"lazy\" decoding=\"async\" class=\"alignnone size-full wp-image-1892\" src=\"https:\/\/omarlengerke.com.co\/sitio\/wp-content\/uploads\/2022\/09\/chulo.jpg\" alt=\"\" width=\"45\" height=\"50\" \/>El Concejo Municipal de Floridablanca, otorg\u00f3 la Orden \u201cCarlos Guti\u00e9rrez\u201d, m\u00e1xima distinci\u00f3n que entrega ese cabildo regidor, al se\u00f1or Rector de las Unidades Tecnol\u00f3gicas de Santander y PhD. Omar Lengerke P\u00e9rez. A\u00f1o 2024.<\/p>\n<p style=\"text-align: justify;\"><img loading=\"lazy\" decoding=\"async\" class=\"alignnone size-full wp-image-1892\" src=\"https:\/\/omarlengerke.com.co\/sitio\/wp-content\/uploads\/2022\/09\/chulo.jpg\" alt=\"\" width=\"45\" height=\"50\" \/>La Junta Directiva Nacional de la Coorporaci\u00f3n Ambiental de Bogot\u00e1- CORPOBOGOT\u00c1, otorg\u00f3 el Galard\u00f3n &#8220;Orquidea de Oro, Derecho Internacional Humanitario, Cuidadores Ambientales y Corresponsales de Paz&#8221;,\u00a0 al se\u00f1or Rector de las Unidades Tecnol\u00f3gicas de Santander, PhD. Omar Lengerke P\u00e9rez. A\u00f1o 2024<\/p>\n<p><img loading=\"lazy\" decoding=\"async\" class=\"alignnone size-full wp-image-1892\" src=\"https:\/\/omarlengerke.com.co\/sitio\/wp-content\/uploads\/2022\/09\/chulo.jpg\" alt=\"\" width=\"45\" height=\"50\" \/>Reconocimiento de Vanguardia Liberal como personaje 2024 en la categor\u00eda Instituciones P\u00fablicas que hacen crecer a Santander.[\/vc_column_text][vc_row_inner][vc_column_inner width=&#8221;1\/3&#8243;][vc_single_image image=&#8221;1854&#8243; img_size=&#8221;full&#8221; alignment=&#8221;center&#8221; style=&#8221;vc_box_rounded&#8221;][\/vc_column_inner][vc_column_inner width=&#8221;1\/3&#8243;][vc_single_image image=&#8221;1893&#8243; img_size=&#8221;full&#8221; alignment=&#8221;center&#8221; style=&#8221;vc_box_rounded&#8221;][\/vc_column_inner][vc_column_inner width=&#8221;1\/3&#8243;][vc_single_image image=&#8221;1896&#8243; img_size=&#8221;full&#8221; alignment=&#8221;center&#8221; style=&#8221;vc_box_rounded&#8221;][\/vc_column_inner][\/vc_row_inner][\/vc_column][\/vc_row][vc_row el_id=&#8221;logros&#8221;][vc_column][vc_empty_space height=&#8221;55px&#8221;]<div class=\"title-section  style1\">\n\t\t<h1 class=\"title\">\n\t\t\tLogros como rector UTS\t\t\t\n\t\t<\/h1>\t\t\n\t\t\n\n\t<\/div>[\/vc_column][\/vc_row][vc_row][vc_column width=&#8221;1\/2&#8243;][vc_column_text]<\/p>\n<ul>\n<li>Acreditaci\u00f3n Institucional en Alta Calidad por parte del MEN.<\/li>\n<li>Apertura de siete programas profesionales.<\/li>\n<li>Apertura de seis programas virtuales.<\/li>\n<li>Acreditaci\u00f3n en Alta Calidad de seis programas acad\u00e9micos.<\/li>\n<li>Consecuci\u00f3n de cuatro (6) patentes SIC.<\/li>\n<li>Creaci\u00f3n de centros especializados como: Centro para el Desarrollo de los Recursos Ambientales &#8211; CEDERA UTS, Laboratorio de Cultura Ciudadana &#8211; LCC UTS, Centro de Innovaci\u00f3n y Productividad &#8211; CIP UTS y el Centro Acad\u00e9mico para el Fomento del Emprendimiento CAFE UTS<\/li>\n<li>Ranking SAPIENS categor\u00eda DTeI para el a\u00f1o 2019 y a\u00f1o 2021, primera instituci\u00f3n tecnol\u00f3gica del pa\u00eds y en este a\u00f1o la 4 mejor IES del pa\u00eds.<\/li>\n<li>Aumento de grupos de investigaci\u00f3n y su participaci\u00f3n en convocatorias de MINCIENCIAS.<\/li>\n<li>16.508 metros cuadrados adecuados y\/o mejorados en la infraestructura f\u00edsica de la sede de Bucaramanga.<\/li>\n<li>M\u00e1s de 18.000 metros cuadrados recibidos en sesi\u00f3n para las sedes de las regionales de V\u00e9lez, Barrancabermeja y Piedecuesta.<\/li>\n<li>Superaci\u00f3n del d\u00e9ficit presupuestal.<\/li>\n<li>Inversiones en infraestructura y laboratorios por m\u00e1s de 50.000 millones de pesos.<\/li>\n<li>Inversiones futuras dentro del Pacto Territorial por valores superiores a los 60.000 millones de pesos para construcci\u00f3n y mejoramiento de sedes regionales y del Centro de Alto Rendimiento.<\/li>\n<\/ul>\n<p>[\/vc_column_text][\/vc_column][vc_column width=&#8221;1\/2&#8243;][vc_single_image image=&#8221;1898&#8243; img_size=&#8221;full&#8221; alignment=&#8221;center&#8221; style=&#8221;vc_box_rounded&#8221; onclick=&#8221;link_image&#8221;][vc_empty_space height=&#8221;20px&#8221;][vc_row_inner][vc_column_inner width=&#8221;1\/4&#8243;][vc_single_image image=&#8221;1902&#8243; img_size=&#8221;full&#8221; alignment=&#8221;center&#8221; style=&#8221;vc_box_rounded&#8221; onclick=&#8221;link_image&#8221;][\/vc_column_inner][vc_column_inner width=&#8221;1\/4&#8243;][vc_single_image image=&#8221;1901&#8243; img_size=&#8221;full&#8221; alignment=&#8221;center&#8221; style=&#8221;vc_box_rounded&#8221; onclick=&#8221;link_image&#8221;][\/vc_column_inner][vc_column_inner width=&#8221;1\/4&#8243;][vc_single_image image=&#8221;1900&#8243; img_size=&#8221;full&#8221; alignment=&#8221;center&#8221; style=&#8221;vc_box_rounded&#8221; onclick=&#8221;link_image&#8221;][\/vc_column_inner][vc_column_inner width=&#8221;1\/4&#8243;][vc_single_image image=&#8221;1905&#8243; img_size=&#8221;full&#8221; alignment=&#8221;center&#8221; style=&#8221;vc_box_rounded&#8221; onclick=&#8221;link_image&#8221;][\/vc_column_inner][\/vc_row_inner][\/vc_column][\/vc_row][vc_row el_id=&#8221;juntas&#8221;][vc_column][vc_empty_space height=&#8221;55px&#8221;]<div class=\"title-section  style1\">\n\t\t<h1 class=\"title\">\n\t\t\tJuntas directivas\t\t\t\n\t\t<\/h1>\t\t\n\t\t\n\n\t<\/div>[\/vc_column][\/vc_row][vc_row][vc_column][vc_column_text]<img loading=\"lazy\" decoding=\"async\" class=\"alignnone size-medium wp-image-1911\" src=\"https:\/\/omarlengerke.com.co\/sitio\/wp-content\/uploads\/2022\/09\/rec.jpg\" alt=\"\" width=\"45\" height=\"50\" \/>Presidente del Consejo Directivo de la Red de Instituciones T\u00e9cnicas Profesionales, Tecnol\u00f3gicas y Universitarias P\u00fablicas \u2013 REDTTU, periodo 2020 \u2013 2022.<\/p>\n<p><img loading=\"lazy\" decoding=\"async\" class=\"alignnone size-medium wp-image-1911\" src=\"https:\/\/omarlengerke.com.co\/sitio\/wp-content\/uploads\/2022\/09\/rec.jpg\" alt=\"\" width=\"45\" height=\"50\" \/>Representante de los rectores de las Instituciones Tecnol\u00f3gicas ante el Consejo Nacional de Educaci\u00f3n Superior \u2013 CESU, adscrito al Ministerio de Educaci\u00f3n Nacional, para el periodo 2020 \u2013 2022 y reelegido periodo 2022- 2024.<\/p>\n<p><img loading=\"lazy\" decoding=\"async\" class=\"alignnone size-medium wp-image-1911\" src=\"https:\/\/omarlengerke.com.co\/sitio\/wp-content\/uploads\/2022\/09\/rec.jpg\" alt=\"\" width=\"45\" height=\"50\" \/>Representante de las Instituciones T\u00e9cnicas, Tecnol\u00f3gicas y Universitarias p\u00fablicas y privadas ante el \u00d3rgano Colegiado de Administraci\u00f3n y Decisi\u00f3n \u2013 OCAD, de Ciencia, Tecnolog\u00eda e Innovaci\u00f3n.[\/vc_column_text][vc_empty_space height=&#8221;75px&#8221;][\/vc_column][\/vc_row]<\/p>\n","protected":false},"excerpt":{"rendered":"<p>[vc_row el_id=&#8221;perfil&#8221;][vc_column][\/vc_column][\/vc_row][vc_row][vc_column width=&#8221;1\/2&#8243;][vc_single_image image=&#8221;1883&#8243; img_size=&#8221;full&#8221; style=&#8221;vc_box_rounded&#8221;][vc_empty_space][vc_row_inner][vc_column_inner width=&#8221;1\/4&#8243;][vc_single_image image=&#8221;1943&#8243; img_size=&#8221;120&#215;120&#8243; alignment=&#8221;center&#8221; onclick=&#8221;custom_link&#8221; img_link_target=&#8221;_blank&#8221; link=&#8221;https:\/\/twitter.com\/olengerke&#8221;][\/vc_column_inner][vc_column_inner width=&#8221;1\/4&#8243;][vc_single_image image=&#8221;1945&#8243; img_size=&#8221;120&#215;120&#8243; alignment=&#8221;center&#8221; onclick=&#8221;custom_link&#8221; img_link_target=&#8221;_blank&#8221; link=&#8221;https:\/\/www.linkedin.com\/in\/omar-lengerke-90175451\/&#8221;][\/vc_column_inner][vc_column_inner width=&#8221;1\/4&#8243;][vc_single_image image=&#8221;1946&#8243; img_size=&#8221;120&#215;120&#8243; alignment=&#8221;center&#8221; onclick=&#8221;custom_link&#8221; img_link_target=&#8221;_blank&#8221; link=&#8221;https:\/\/www.facebook.com\/olengerke&#8221;][\/vc_column_inner][vc_column_inner width=&#8221;1\/4&#8243;][vc_single_image image=&#8221;1944&#8243; img_size=&#8221;120&#215;120&#8243; alignment=&#8221;center&#8221; onclick=&#8221;custom_link&#8221; img_link_target=&#8221;_blank&#8221; link=&#8221;https:\/\/www.instagram.com\/olengerke\/&#8221;][\/vc_column_inner][\/vc_row_inner][\/vc_column][vc_column width=&#8221;1\/2&#8243;][vc_column_text] Omar Lengerke P\u00e9rez, es natural de Socorro, Santander (Colombia). Ingeniero de Sistemas, Magister en ciencias en [&hellip;]<\/p>\n","protected":false},"author":1,"featured_media":0,"parent":0,"menu_order":0,"comment_status":"closed","ping_status":"closed","template":"tpl\/page_fullwidth.php","meta":{"om_disable_all_campaigns":false,"_monsterinsights_skip_tracking":false,"_monsterinsights_sitenote_active":false,"_monsterinsights_sitenote_note":"","_monsterinsights_sitenote_category":0,"footnotes":""},"class_list":["post-515","page","type-page","status-publish","hentry"],"aioseo_notices":[],"_links":{"self":[{"href":"https:\/\/omarlengerke.com.co\/sitio\/wp-json\/wp\/v2\/pages\/515","targetHints":{"allow":["GET"]}}],"collection":[{"href":"https:\/\/omarlengerke.com.co\/sitio\/wp-json\/wp\/v2\/pages"}],"about":[{"href":"https:\/\/omarlengerke.com.co\/sitio\/wp-json\/wp\/v2\/types\/page"}],"author":[{"embeddable":true,"href":"https:\/\/omarlengerke.com.co\/sitio\/wp-json\/wp\/v2\/users\/1"}],"replies":[{"embeddable":true,"href":"https:\/\/omarlengerke.com.co\/sitio\/wp-json\/wp\/v2\/comments?post=515"}],"version-history":[{"count":37,"href":"https:\/\/omarlengerke.com.co\/sitio\/wp-json\/wp\/v2\/pages\/515\/revisions"}],"predecessor-version":[{"id":2070,"href":"https:\/\/omarlengerke.com.co\/sitio\/wp-json\/wp\/v2\/pages\/515\/revisions\/2070"}],"wp:attachment":[{"href":"https:\/\/omarlengerke.com.co\/sitio\/wp-json\/wp\/v2\/media?parent=515"}],"curies":[{"name":"wp","href":"https:\/\/api.w.org\/{rel}","templated":true}]}}